{"id":1855,"date":"2021-09-11T12:16:36","date_gmt":"2021-09-11T10:16:36","guid":{"rendered":"http:\/\/nuitausecond.fr\/en\/?page_id=1855"},"modified":"2025-02-05T16:48:31","modified_gmt":"2025-02-05T15:48:31","slug":"contact-us","status":"publish","type":"page","link":"https:\/\/www.nuitausecond.fr\/en\/contact-us\/","title":{"rendered":"contact us"},"content":{"rendered":"\t\t<div data-elementor-type=\"wp-page\" data-elementor-id=\"1855\" class=\"elementor elementor-1855\" data-elementor-settings=\"[]\">\n\t\t\t\t\t\t\t<div class=\"elementor-section-wrap\">\n\t\t\t\t\t\t\t<section class=\"elementor-section elementor-top-section elementor-element elementor-element-3876a5f elementor-section-full_width bg-dark elementor-section-height-default elementor-section-height-default\" data-id=\"3876a5f\" data-element_type=\"section\" data-settings=\"{&quot;background_background&quot;:&quot;classic&quot;}\">\n\t\t\t\t\t\t<div class=\"elementor-container elementor-column-gap-no\">\n\t\t\t\t\t<div class=\"elementor-column elementor-col-100 elementor-top-column elementor-element elementor-element-df6f84e\" data-id=\"df6f84e\" data-element_type=\"column\">\n\t\t\t<div class=\"elementor-widget-wrap elementor-element-populated\">\n\t\t\t\t\t\t\t\t<div class=\"elementor-element elementor-element-ffeaf3f elementor-widget elementor-widget-spacer\" data-id=\"ffeaf3f\" data-element_type=\"widget\" data-widget_type=\"spacer.default\">\n\t\t\t\t<div class=\"elementor-widget-container\">\n\t\t\t\t\t<div class=\"elementor-spacer\">\n\t\t\t<div class=\"elementor-spacer-inner\"><\/div>\n\t\t<\/div>\n\t\t\t\t<\/div>\n\t\t\t\t<\/div>\n\t\t\t\t\t<\/div>\n\t\t<\/div>\n\t\t\t\t\t\t\t<\/div>\n\t\t<\/section>\n\t\t\t\t<section class=\"elementor-section elementor-top-section elementor-element elementor-element-8633a98 elementor-section-full_width bg-dark elementor-section-height-default elementor-section-height-default\" data-id=\"8633a98\" data-element_type=\"section\" data-settings=\"{&quot;background_background&quot;:&quot;classic&quot;}\">\n\t\t\t\t\t\t<div class=\"elementor-container elementor-column-gap-no\">\n\t\t\t\t\t<div class=\"elementor-column elementor-col-100 elementor-top-column elementor-element elementor-element-439691b\" data-id=\"439691b\" data-element_type=\"column\">\n\t\t\t<div class=\"elementor-widget-wrap elementor-element-populated\">\n\t\t\t\t\t\t\t\t<div class=\"elementor-element elementor-element-750e2bd elementor-widget elementor-widget-spacer\" data-id=\"750e2bd\" data-element_type=\"widget\" data-widget_type=\"spacer.default\">\n\t\t\t\t<div class=\"elementor-widget-container\">\n\t\t\t\t\t<div class=\"elementor-spacer\">\n\t\t\t<div class=\"elementor-spacer-inner\"><\/div>\n\t\t<\/div>\n\t\t\t\t<\/div>\n\t\t\t\t<\/div>\n\t\t\t\t\t<\/div>\n\t\t<\/div>\n\t\t\t\t\t\t\t<\/div>\n\t\t<\/section>\n\t\t\t\t<section class=\"elementor-section elementor-top-section elementor-element elementor-element-d6dd029 elementor-section-full_width bg-dark elementor-section-height-default elementor-section-height-default\" data-id=\"d6dd029\" data-element_type=\"section\" data-settings=\"{&quot;background_background&quot;:&quot;classic&quot;}\">\n\t\t\t\t\t\t<div class=\"elementor-container elementor-column-gap-no\">\n\t\t\t\t\t<div class=\"elementor-column elementor-col-100 elementor-top-column elementor-element elementor-element-db37eb1\" data-id=\"db37eb1\" data-element_type=\"column\">\n\t\t\t<div class=\"elementor-widget-wrap elementor-element-populated\">\n\t\t\t\t\t\t\t\t<div class=\"elementor-element elementor-element-5583cb98 elementor-widget elementor-widget-cassio-widget-hero\" data-id=\"5583cb98\" data-element_type=\"widget\" data-widget_type=\"cassio-widget-hero.default\">\n\t\t\t\t<div class=\"elementor-widget-container\">\n\t\t\t\n\t\t<div class=\"section section-intro section-masthead text-center\" data-os-animation=\"\">\n\t\t\t<div class=\"section-masthead__inner section-intro__inner container\">\n\t\t\t\t\t\t\t\t\t<header class=\"row section-intro__header section-masthead__header justify-content-center\">\n\t\t\t\t\t\t<div class=\"col-lg-9\">\n\t\t\t\t\t\t\t\t\t\t\t\t\t\t\t<div class=\"section-masthead__subheading section-intro__subheading subheading h6 split-text js-split-text\" data-split-text-type=\"lines, words, chars\" data-split-text-set=\"chars\">More informations<\/div>\n\t\t\t\t\t\t\t\t<div class=\"w-100\"><\/div>\n\t\t\t\t\t\t\t\t\t\t\t\t\t\t\t\t\t\t\t\t\t\t<h1 class=\"section-masthead__heading section-intro__heading h1  split-text js-split-text\" data-split-text-type=\"lines, words, chars\" data-split-text-set=\"chars\"><span style=\"color: #022326;letter-spacing:-1px;\">Contact us<\/span><\/h1>\n\t\t\t\t\t\t\t\t\t\t\t\t\t\t\t\t\t\t\t\t<\/div>\n\t\t\t\t\t\t\t\t\t\t\t\t\t<div class=\"w-100\"><\/div>\n\t\t\t\t\t\t\t\t\t\t\t\t\t\t\t\t\t<\/header>\n\t\t\t\t\t\t\t\t\t\t\t<\/div>\n\t\t\t\t\t\t\t\t\t\t\t\t\t\t\t\t\t\t\t\t<div class=\"overlay overlay_dark section-image__overlay\"><\/div>\n\t\t\t\t\t\t\t\t<\/div>\n\n\t\t\t\t<\/div>\n\t\t\t\t<\/div>\n\t\t\t\t<div class=\"elementor-element elementor-element-006d86d elementor-widget elementor-widget-cassio-widget-content-block\" data-id=\"006d86d\" data-element_type=\"widget\" data-widget_type=\"cassio-widget-content-block.default\">\n\t\t\t\t<div class=\"elementor-widget-container\">\n\t\t\t\n\t\t<div class=\"section section-content section-content_columns section-content_has-headline\" data-os-animation=\"\">\n\t\t\t<div class=\"row justify-content-center\">\n\t\t\t\t<div class=\"col-12 section-content__header col-lg-12\">\n\t\t\t\t\t<div class=\"split-text js-split-text\" data-split-text-type=\"lines\" data-split-text-set=\"lines\"><\/div>\n\t\t\t\t\t\t\t\t\t\t\t<div class=\"section__headline section-content__headline mx-auto text-center\"><\/div>\n\t\t\t\t\t\t\t\t\t<\/div>\n\t\t\t\t\t\t\t\t\t\t\t\t\t\t\t\t\t\t\t<\/div>\n\t\t<\/div>\n\n\t\t\t\t<\/div>\n\t\t\t\t<\/div>\n\t\t\t\t<div class=\"elementor-element elementor-element-4eb8c24 elementor-widget elementor-widget-spacer\" data-id=\"4eb8c24\" data-element_type=\"widget\" data-widget_type=\"spacer.default\">\n\t\t\t\t<div class=\"elementor-widget-container\">\n\t\t\t\t\t<div class=\"elementor-spacer\">\n\t\t\t<div class=\"elementor-spacer-inner\"><\/div>\n\t\t<\/div>\n\t\t\t\t<\/div>\n\t\t\t\t<\/div>\n\t\t\t\t\t<\/div>\n\t\t<\/div>\n\t\t\t\t\t\t\t<\/div>\n\t\t<\/section>\n\t\t\t\t<section class=\"elementor-section elementor-top-section elementor-element elementor-element-6cd44d4d elementor-section-full_width container-fluid bg-light elementor-section-height-default elementor-section-height-default\" data-id=\"6cd44d4d\" data-element_type=\"section\">\n\t\t\t\t\t\t<div class=\"elementor-container elementor-column-gap-no\">\n\t\t\t\t\t<div class=\"elementor-column elementor-col-100 elementor-top-column elementor-element elementor-element-4e8c7af8\" data-id=\"4e8c7af8\" data-element_type=\"column\">\n\t\t\t<div class=\"elementor-widget-wrap elementor-element-populated\">\n\t\t\t\t\t\t\t\t<section class=\"elementor-section elementor-inner-section elementor-element elementor-element-153b2539 bg-white section_pt-small section_pb-xsmall elementor-section-boxed elementor-section-height-default elementor-section-height-default\" data-id=\"153b2539\" data-element_type=\"section\">\n\t\t\t\t\t\t<div class=\"elementor-container elementor-column-gap-wide\">\n\t\t\t\t\t<div class=\"elementor-column elementor-col-50 elementor-inner-column elementor-element elementor-element-29328dd1\" data-id=\"29328dd1\" data-element_type=\"column\">\n\t\t\t<div class=\"elementor-widget-wrap elementor-element-populated\">\n\t\t\t\t\t\t\t\t<div class=\"elementor-element elementor-element-18d55680 elementor-widget elementor-widget-cassio-widget-content-block\" data-id=\"18d55680\" data-element_type=\"widget\" data-widget_type=\"cassio-widget-content-block.default\">\n\t\t\t\t<div class=\"elementor-widget-container\">\n\t\t\t\n\t\t<div class=\"section section-content section-content_stack section-content_has-headline\" data-os-animation=\"\">\n\t\t\t<div class=\"row justify-content-start\">\n\t\t\t\t<div class=\"col-12 section-content__header col-lg-12\">\n\t\t\t\t\t<div class=\"split-text js-split-text\" data-split-text-type=\"lines\" data-split-text-set=\"lines\"><h4><span style=\"color: #022326;\"><span style=\"color: #222222;\">Access &amp; transports<\/span><br \/><\/span><\/h4><\/div>\n\t\t\t\t\t\t\t\t\t\t\t<div class=\"section__headline section-content__headline mr-auto text-left\"><\/div>\n\t\t\t\t\t\t\t\t\t<\/div>\n\t\t\t\t\t\t\t\t\t<div class=\"w-100\"><\/div>\n\t\t\t\t\t\t\t\t\t\t\t\t\t\t\t\t\t<div class=\"col-12 section-content__content col-lg-12\">\n\t\t\t\t\t\t<div class=\"split-text js-split-text\" data-split-text-type=\"lines\" data-split-text-set=\"lines\"><p>Access Metro A Station: Amp\u00e8re<br \/>Perrache station and tram lines: 5 minutes<br \/>Part-Dieu and Rh\u00f4ne Express train stations: 20 minutes<br \/>Saint-Exupery airport: 40 minutes<\/p><\/div>\n\t\t\t\t\t<\/div>\n\t\t\t\t\t\t\t\t\t\t\t<\/div>\n\t\t<\/div>\n\n\t\t\t\t<\/div>\n\t\t\t\t<\/div>\n\t\t\t\t\t<\/div>\n\t\t<\/div>\n\t\t\t\t<div class=\"elementor-column elementor-col-50 elementor-inner-column elementor-element elementor-element-1699817b\" data-id=\"1699817b\" data-element_type=\"column\">\n\t\t\t<div class=\"elementor-widget-wrap elementor-element-populated\">\n\t\t\t\t\t\t\t\t<div class=\"elementor-element elementor-element-333ee50d elementor-widget elementor-widget-cassio-widget-content-block\" data-id=\"333ee50d\" data-element_type=\"widget\" data-widget_type=\"cassio-widget-content-block.default\">\n\t\t\t\t<div class=\"elementor-widget-container\">\n\t\t\t\n\t\t<div class=\"section section-content section-content_stack section-content_has-headline\" data-os-animation=\"\">\n\t\t\t<div class=\"row justify-content-start\">\n\t\t\t\t<div class=\"col-12 section-content__header col-lg-12\">\n\t\t\t\t\t<div class=\"split-text js-split-text\" data-split-text-type=\"lines\" data-split-text-set=\"lines\"><h4><span style=\"color: #022326;\"><span style=\"color: #222222;\">Contact details<\/span><br \/><\/span><\/h4><\/div>\n\t\t\t\t\t\t\t\t\t\t\t<div class=\"section__headline section-content__headline mr-auto text-left\"><\/div>\n\t\t\t\t\t\t\t\t\t<\/div>\n\t\t\t\t\t\t\t\t\t<div class=\"w-100\"><\/div>\n\t\t\t\t\t\t\t\t\t\t\t\t\t\t\t\t\t<div class=\"col-12 section-content__content col-lg-12\">\n\t\t\t\t\t\t<div class=\"split-text js-split-text\" data-split-text-type=\"lines\" data-split-text-set=\"lines\"><p>Phone : Agn\u00e8s - <br \/>+33 7 65 54 72 20<br \/>eMail : <a href=\"mailto:contact@nuitausecond.fr\">contact@nuitausecond.fr<\/a><\/p><\/div>\n\t\t\t\t\t<\/div>\n\t\t\t\t\t\t\t\t\t\t\t<\/div>\n\t\t<\/div>\n\n\t\t\t\t<\/div>\n\t\t\t\t<\/div>\n\t\t\t\t\t<\/div>\n\t\t<\/div>\n\t\t\t\t\t\t\t<\/div>\n\t\t<\/section>\n\t\t\t\t<section class=\"elementor-section elementor-inner-section elementor-element elementor-element-665a184d bg-white section_pt-small section_pb-small elementor-section-boxed elementor-section-height-default elementor-section-height-default\" data-id=\"665a184d\" data-element_type=\"section\" data-settings=\"{&quot;background_background&quot;:&quot;classic&quot;}\">\n\t\t\t\t\t\t<div class=\"elementor-container elementor-column-gap-wide\">\n\t\t\t\t\t<div class=\"elementor-column elementor-col-100 elementor-inner-column elementor-element elementor-element-bcb80ea\" data-id=\"bcb80ea\" data-element_type=\"column\">\n\t\t\t<div class=\"elementor-widget-wrap elementor-element-populated\">\n\t\t\t\t\t\t\t\t<div class=\"elementor-element elementor-element-f45964 elementor-align-center elementor-widget elementor-widget-button\" data-id=\"f45964\" data-element_type=\"widget\" data-widget_type=\"button.default\">\n\t\t\t\t<div class=\"elementor-widget-container\">\n\t\t\t\t\t<div class=\"elementor-button-wrapper\">\n\t\t\t<a href=\"https:\/\/www.google.fr\/maps\/dir\/\/11+Rue+Jarente,+Lyon\/@45.7544877,4.7927813,13z\/data=!4m8!4m7!1m0!1m5!1m1!1s0x47f4ebb2ab3dab19:0xe2b2fa6f42da3c82!2m2!1d4.8278006!2d45.754493\" target=\"_blank\" class=\"elementor-button-link elementor-button elementor-size-xs\" role=\"button\">\n\t\t\t\t\t\t<span class=\"elementor-button-content-wrapper\">\n\t\t\t\t\t\t<span class=\"elementor-button-icon elementor-align-icon-right\">\n\t\t\t\t<i aria-hidden=\"true\" class=\"fas fa-chevron-right\"><\/i>\t\t\t<\/span>\n\t\t\t\t\t\t<span class=\"elementor-button-text\">MAP & ITINERARY<\/span>\n\t\t<\/span>\n\t\t\t\t\t<\/a>\n\t\t<\/div>\n\t\t\t\t<\/div>\n\t\t\t\t<\/div>\n\t\t\t\t\t<\/div>\n\t\t<\/div>\n\t\t\t\t\t\t\t<\/div>\n\t\t<\/section>\n\t\t\t\t<div class=\"elementor-element elementor-element-7921e8ea elementor-widget elementor-widget-spacer\" data-id=\"7921e8ea\" data-element_type=\"widget\" data-widget_type=\"spacer.default\">\n\t\t\t\t<div class=\"elementor-widget-container\">\n\t\t\t\t\t<div class=\"elementor-spacer\">\n\t\t\t<div class=\"elementor-spacer-inner\"><\/div>\n\t\t<\/div>\n\t\t\t\t<\/div>\n\t\t\t\t<\/div>\n\t\t\t\t\t<\/div>\n\t\t<\/div>\n\t\t\t\t\t\t\t<\/div>\n\t\t<\/section>\n\t\t\t\t<section class=\"elementor-section elementor-top-section elementor-element elementor-element-2eb68039 elementor-section-full_width bg-accent-secondary-4 elementor-section-height-default elementor-section-height-default\" data-id=\"2eb68039\" data-element_type=\"section\" data-settings=\"{&quot;background_background&quot;:&quot;classic&quot;}\">\n\t\t\t\t\t\t<div class=\"elementor-container elementor-column-gap-no\">\n\t\t\t\t\t<div class=\"elementor-column elementor-col-100 elementor-top-column elementor-element elementor-element-98fcfc1\" data-id=\"98fcfc1\" data-element_type=\"column\">\n\t\t\t<div class=\"elementor-widget-wrap elementor-element-populated\">\n\t\t\t\t\t\t\t\t<div class=\"elementor-element elementor-element-7c7910dc elementor-widget elementor-widget-image\" data-id=\"7c7910dc\" data-element_type=\"widget\" data-widget_type=\"image.default\">\n\t\t\t\t<div class=\"elementor-widget-container\">\n\t\t\t\t\t\t\t\t\t\t\t\t\t\t\t<img loading=\"lazy\" decoding=\"async\" width=\"268\" height=\"68\" src=\"https:\/\/www.nuitausecond.fr\/en\/wp-content\/uploads\/2021\/09\/Logo-Region-Noir-EPS-RVB-2.png\" class=\"attachment-full size-full\" alt=\"\" \/>\t\t\t\t\t\t\t\t\t\t\t\t\t\t\t<\/div>\n\t\t\t\t<\/div>\n\t\t\t\t<div class=\"elementor-element elementor-element-7d3c92e0 elementor-widget elementor-widget-spacer\" data-id=\"7d3c92e0\" data-element_type=\"widget\" data-widget_type=\"spacer.default\">\n\t\t\t\t<div class=\"elementor-widget-container\">\n\t\t\t\t\t<div class=\"elementor-spacer\">\n\t\t\t<div class=\"elementor-spacer-inner\"><\/div>\n\t\t<\/div>\n\t\t\t\t<\/div>\n\t\t\t\t<\/div>\n\t\t\t\t\t<\/div>\n\t\t<\/div>\n\t\t\t\t\t\t\t<\/div>\n\t\t<\/section>\n\t\t\t\t\t\t<\/div>\n\t\t\t\t\t<\/div>\n\t\t","protected":false},"excerpt":{"rendered":"<p>More informations Contact us Access &amp; transports Access Metro A Station: Amp\u00e8rePerrache station and tram lines: 5 minutesPart-Dieu and Rh\u00f4ne Express train stations: 20 minutesSaint-Exupery airport: 40 minutes Contact details Phone : Agn\u00e8s &#8211; +33 7 65 54 72 20eMail : contact@nuitausecond.fr MAP &#038; ITINERARY<\/p>\n","protected":false},"author":1,"featured_media":0,"parent":0,"menu_order":0,"comment_status":"closed","ping_status":"closed","template":"elementor_header_footer","meta":{"footnotes":""},"class_list":["post-1855","page","type-page","status-publish","hentry"],"_links":{"self":[{"href":"https:\/\/www.nuitausecond.fr\/en\/wp-json\/wp\/v2\/pages\/1855","targetHints":{"allow":["GET"]}}],"collection":[{"href":"https:\/\/www.nuitausecond.fr\/en\/wp-json\/wp\/v2\/pages"}],"about":[{"href":"https:\/\/www.nuitausecond.fr\/en\/wp-json\/wp\/v2\/types\/page"}],"author":[{"embeddable":true,"href":"https:\/\/www.nuitausecond.fr\/en\/wp-json\/wp\/v2\/users\/1"}],"replies":[{"embeddable":true,"href":"https:\/\/www.nuitausecond.fr\/en\/wp-json\/wp\/v2\/comments?post=1855"}],"version-history":[{"count":59,"href":"https:\/\/www.nuitausecond.fr\/en\/wp-json\/wp\/v2\/pages\/1855\/revisions"}],"predecessor-version":[{"id":2209,"href":"https:\/\/www.nuitausecond.fr\/en\/wp-json\/wp\/v2\/pages\/1855\/revisions\/2209"}],"wp:attachment":[{"href":"https:\/\/www.nuitausecond.fr\/en\/wp-json\/wp\/v2\/media?parent=1855"}],"curies":[{"name":"wp","href":"https:\/\/api.w.org\/{rel}","templated":true}]}}